{"id":49,"date":"2010-09-15T09:23:22","date_gmt":"2010-09-15T08:23:22","guid":{"rendered":"http:\/\/so3z.sp3iym.com\/?page_id=49"},"modified":"2014-03-24T09:04:29","modified_gmt":"2014-03-24T08:04:29","slug":"konstrukcje","status":"publish","type":"page","link":"https:\/\/so3z.com\/?page_id=49","title":{"rendered":"Artyku\u0142y"},"content":{"rendered":"<p>Tutaj znajdziesz moje konstrukcje, jak i konstrukcje wykonane przez Koleg\u00f3w, a pracuj\u0105ce na mojej stacji.<\/p>\n<p><a href=\"https:\/\/so3z.com\/?page_id=860\"><strong>16el DK7ZB 28Ohm  432MHz  x2<\/strong><\/a><br \/>\n<a href=\"https:\/\/so3z.com\/?page_id=134\"><strong>8el OWL DK7ZB 12.5Ohm 144MHz (tropo i eme) x4<\/strong><\/a><br \/>\n<a href=\"https:\/\/so3z.com\/?page_id=51\"><strong>9el OWL G0KSC 12.5Ohm 144MHz (tropo) x2<\/strong><\/a><br \/>\n<a href=\"https:\/\/so3z.com\/?page_id=820\"><strong>Wzmacniacz SSPA 500W 144MHz zasilanie 28V &#8211; 2x SML D1028UK<\/strong><\/a><br \/>\n<a href=\"https:\/\/so3z.com\/?page_id=1317\"><strong>LiveMUF<\/strong><\/a><br \/>\n<a href=\"https:\/\/so3z.com\/?page_id=1322\"><strong>Ham Radio Deluxe + IC-275<\/strong><\/a><br \/>\n<a href=\"https:\/\/so3z.com\/?page_id=1332\"><strong>AirPlane Scatter &#8211; Airscout<\/strong><\/a><\/p>\n<p>w latach wcze\u015bniejszych zbudowa\u0142em r\u00f3wnie\u017c anteny DK7ZB, 3el, 4el, 6el, 7el, 8el, 10el na 144MHz.<\/p>\n","protected":false},"excerpt":{"rendered":"<p>Tutaj znajdziesz moje konstrukcje, jak i konstrukcje wykonane przez Koleg\u00f3w, a pracuj\u0105ce na mojej stacji. 16el DK7ZB 28Ohm 432MHz x2 8el OWL DK7ZB 12.5Ohm 144MHz (tropo i eme) x4 9el OWL G0KSC 12.5Ohm 144MHz (tropo) x2 Wzmacniacz SSPA 500W 144MHz zasilanie 28V &#8211; 2x SML D1028UK LiveMUF Ham Radio Deluxe + IC-275 AirPlane Scatter &#8211; &hellip; <a href=\"https:\/\/so3z.com\/?page_id=49\" class=\"more-link\">Czytaj dalej <span class=\"screen-reader-text\">Artyku\u0142y<\/span> <span class=\"meta-nav\">&rarr;<\/span><\/a><\/p>\n","protected":false},"author":1,"featured_media":0,"parent":0,"menu_order":9,"comment_status":"open","ping_status":"open","template":"","meta":{"footnotes":""},"class_list":["post-49","page","type-page","status-publish","hentry"],"_links":{"self":[{"href":"https:\/\/so3z.com\/index.php?rest_route=\/wp\/v2\/pages\/49","targetHints":{"allow":["GET"]}}],"collection":[{"href":"https:\/\/so3z.com\/index.php?rest_route=\/wp\/v2\/pages"}],"about":[{"href":"https:\/\/so3z.com\/index.php?rest_route=\/wp\/v2\/types\/page"}],"author":[{"embeddable":true,"href":"https:\/\/so3z.com\/index.php?rest_route=\/wp\/v2\/users\/1"}],"replies":[{"embeddable":true,"href":"https:\/\/so3z.com\/index.php?rest_route=%2Fwp%2Fv2%2Fcomments&post=49"}],"version-history":[{"count":10,"href":"https:\/\/so3z.com\/index.php?rest_route=\/wp\/v2\/pages\/49\/revisions"}],"predecessor-version":[{"id":869,"href":"https:\/\/so3z.com\/index.php?rest_route=\/wp\/v2\/pages\/49\/revisions\/869"}],"wp:attachment":[{"href":"https:\/\/so3z.com\/index.php?rest_route=%2Fwp%2Fv2%2Fmedia&parent=49"}],"curies":[{"name":"wp","href":"https:\/\/api.w.org\/{rel}","templated":true}]}}