{"id":556,"date":"2012-07-09T15:40:06","date_gmt":"2012-07-09T14:40:06","guid":{"rendered":"http:\/\/so3z.com\/?page_id=556"},"modified":"2013-05-27T09:44:06","modified_gmt":"2013-05-27T08:44:06","slug":"2012-iii","status":"publish","type":"page","link":"https:\/\/so3z.com\/?page_id=556","title":{"rendered":"2012 &#8211; III IARU"},"content":{"rendered":"<p>Wpis b\u0119dzie si\u0119 rozrasta\u0142 stopniowo. Tym razem poraz pierwszy lenistwo wzi\u0119\u0142o g\u00f3r\u0119 i za\u0142o\u017cy\u0142em swoje graty w klubie SP3YOR jo82lj  38m n.p.t. + 80m n.p.m.<\/p>\n<p><strong>ok. 62871 pkt, 161 QSO, 59 WW LOC, 17 DXCC, ODX  830km, \u015brednie QRB\/QSO 390km<\/strong><br \/>\nPracowa\u0142em na Yaesu FT-857D z moc\u0105 50W, antena 9el Yagi G0KSC &#8211; 12dBd zysku zasilana by\u0142a 12 metrowym odcinkiem kabla H1000 na rotorze AR303.<br \/>\n<strong><br \/>\nODX YU7W  JN95 830km<\/strong><\/p>\n<p><a href='http:\/\/wstaw.org\/h\/fcce4d8a5da\/'><img src='http:\/\/wstaw.org\/m\/2012\/07\/08\/zawod_png_300x300_q85.jpg'><\/a><\/p>\n<p><strong>QRB &gt;600km:<\/strong><br \/>\nYU7W JN95WE 830km<br \/>\nHB9GT JN47MH 801km<br \/>\nYO5KDW\/P KN16IK 782km<br \/>\nDP5G JO30FK 760km<br \/>\nYR1A KN16JS 754km<br \/>\nDR9A JN48EQ 733km<br \/>\nS57C JN76PB 715km<br \/>\nDK0BN JN57GN 707km<br \/>\nHG3X JN96EE 698km<br \/>\nS56K JN76KI 689km<br \/>\n9A2L JN86HF 687km<br \/>\nDJ6XH JN57MP 677km<br \/>\nDK0UKW JO31OM 675km<br \/>\nS59R JN76OM 666km<br \/>\nS57M JN76PO 656km<br \/>\nUT4WT KO20TC 655km<br \/>\nDL0LN JO31QX 655km<br \/>\nDF0MU JO32PC 659km<br \/>\nLY2IJ KO25TF 650km<br \/>\nDR3A JN49LM 645km<br \/>\nSK6AD JO67EH 621km<br \/>\nHG1Z JN86KU 617km<br \/>\nDL6NDW JN58SD 610km<br \/>\nOZ3PY JO45SO 602km<\/p>\n<p>http:\/\/www.youtube.com\/watch?v=EiqzzbeH2Jo<\/p>\n<p>Od pocz\u0105tku zawod\u00f3w do\u015b\u0107 dobre warunki w kierunkach, po\u0142udniowo-zachodznim, po\u0142udniowo-wschodnim, p\u00f3\u0142nocno-zachodnim i p\u00f3\u0142nocno-wschodnim &#8211; takie X \ud83d\ude42<br \/>\nPierwszy raz r\u00f3wnie\u017c wystartowa\u0142em na tym marnym TRXie \ud83d\ude42 FT-857 w sumie nie jest tak \u017ale, ale ewidentnie wi\u0119ksze szumy odbiornika i znacznie gorsza &#8211; mniejsza dynamika, selektywno\u015b\u0107 odbiornika. Icom IC-275 to by\u0142o idealne radio na 2m.<br \/>\nW po\u0142owie zawod\u00f3w nad Pozna\u0144 dotar\u0142a burza frontowa, QRN S8 ulewa niesamowita by\u0142a &#8211; nawet tym razem ta moja antena poleg\u0142a przy takiej ilo\u015bci wody, mimo, \u017ce radzi sobie znacznie lepiej ni\u017c DK7ZB. Na szcz\u0119\u015bcie wy\u0142adowania by\u0142y parena\u015bcie km od Poznania. Dopisa\u0142y warunki, my\u015bla\u0142em, \u017ce lokalizacj\u0105 si\u0119 bardzo rozczaruj\u0119 ale wr\u0119cz przeciwnie. Momentami mia\u0142em smarzenie od przyleg\u0142ej sieci 110kV, ale nie by\u0142o \u017ale. Pracy ze s\u0142abymi sygna\u0142ami w zaszumionym mie\u015bcie ewidentnie pomaga czysta charakterystyka promieniowania bez listk\u00f3w bocznych i wstecznych, kt\u00f3re wida\u0107  szczeg\u00f3lnie w fabrycznych antenach takich jak np. F9FT. Stacje kt\u00f3re wychyla\u0142y mi S-Metr momentami powy\u017cej S9 to: SN7L, SP9PZD, SP2QBQ, OE1W, OK1KGB, OL9W, OL4N, OL4A, OL7C, DK0BN (707km !), DL0GTH, DL0HTW, i pewnie kilka innych.<br \/>\nNiestety skedy z I5PVA\/6, S59DEM, S59GS, 9A4M, YT7C, YR1Z, UV1S, LY2BUU, LY2NA, i paroma innymi bez sukcesu mimo i\u017c niekt\u00f3re z tych stacji s\u0142ysza\u0142em raz po raz.<\/p>\n<p>W zwi\u0105zku z tym, \u017ce w ko\u0142o burze by\u0142y, ogromne skoki temperatury i ci\u015bnienia i to wszystko przesuwa\u0142o si\u0119 na wsch\u00f3d, na pa\u015bmie wyst\u0119powa\u0142o QSB jakiego nie pami\u0119tam od dawna stacje potrafi\u0142y &#8222;pali\u0107&#8221; realne S9 po czym zanikn\u0105\u0107 do zera, a wiem i\u017c anten nie ruszali. Szczeg\u00f3lnie by\u0142o to odczuwalne na pocz\u0105tku zawod\u00f3w.<\/p>\n<p>Lokalizacja ma potencja\u0142 dowo\u0142ywa\u0142em si\u0119 bez problemu do wi\u0119kszo\u015bci stacji, natomiast s\u0142abo s\u0142ysza\u0142em stacje o standardowym wyposa\u017ceniu. Na wrzesie\u0144 mo\u017ce uda si\u0119 do\u0142o\u017cy\u0107 drug\u0105 anten\u0119 i \u0142o\u017cysko oporowe.<\/p>\n","protected":false},"excerpt":{"rendered":"<p>Wpis b\u0119dzie si\u0119 rozrasta\u0142 stopniowo. Tym razem poraz pierwszy lenistwo wzi\u0119\u0142o g\u00f3r\u0119 i za\u0142o\u017cy\u0142em swoje graty w klubie SP3YOR jo82lj 38m n.p.t. + 80m n.p.m. ok. 62871 pkt, 161 QSO, 59 WW LOC, 17 DXCC, ODX 830km, \u015brednie QRB\/QSO 390km Pracowa\u0142em na Yaesu FT-857D z moc\u0105 50W, antena 9el Yagi G0KSC &#8211; 12dBd zysku zasilana &hellip; <a href=\"https:\/\/so3z.com\/?page_id=556\" class=\"more-link\">Czytaj dalej <span class=\"screen-reader-text\">2012 &#8211; III IARU<\/span> <span class=\"meta-nav\">&rarr;<\/span><\/a><\/p>\n","protected":false},"author":1,"featured_media":0,"parent":19,"menu_order":7,"comment_status":"open","ping_status":"closed","template":"","meta":{"footnotes":""},"class_list":["post-556","page","type-page","status-publish","hentry"],"_links":{"self":[{"href":"https:\/\/so3z.com\/index.php?rest_route=\/wp\/v2\/pages\/556","targetHints":{"allow":["GET"]}}],"collection":[{"href":"https:\/\/so3z.com\/index.php?rest_route=\/wp\/v2\/pages"}],"about":[{"href":"https:\/\/so3z.com\/index.php?rest_route=\/wp\/v2\/types\/page"}],"author":[{"embeddable":true,"href":"https:\/\/so3z.com\/index.php?rest_route=\/wp\/v2\/users\/1"}],"replies":[{"embeddable":true,"href":"https:\/\/so3z.com\/index.php?rest_route=%2Fwp%2Fv2%2Fcomments&post=556"}],"version-history":[{"count":8,"href":"https:\/\/so3z.com\/index.php?rest_route=\/wp\/v2\/pages\/556\/revisions"}],"predecessor-version":[{"id":760,"href":"https:\/\/so3z.com\/index.php?rest_route=\/wp\/v2\/pages\/556\/revisions\/760"}],"up":[{"embeddable":true,"href":"https:\/\/so3z.com\/index.php?rest_route=\/wp\/v2\/pages\/19"}],"wp:attachment":[{"href":"https:\/\/so3z.com\/index.php?rest_route=%2Fwp%2Fv2%2Fmedia&parent=556"}],"curies":[{"name":"wp","href":"https:\/\/api.w.org\/{rel}","templated":true}]}}