{"id":578,"date":"2012-09-03T07:35:03","date_gmt":"2012-09-03T06:35:03","guid":{"rendered":"http:\/\/so3z.com\/?page_id=578"},"modified":"2012-09-03T07:52:03","modified_gmt":"2012-09-03T06:52:03","slug":"vhf-iaru-2012","status":"publish","type":"page","link":"https:\/\/so3z.com\/?page_id=578","title":{"rendered":"2012 &#8211; VHF IARU"},"content":{"rendered":"<p><strong>WYNIK:<\/strong> ok. 68000 pkt.<br \/>\n<strong>QSO:<\/strong> 183<br \/>\n<strong>DXCC:<\/strong><br \/>\n<strong>WW LOC:<\/strong>63<\/p>\n<p><strong>ODX HB9FAP 788km<\/strong><\/p>\n<p>Wystartowali\u015bmy w kategorii MO w sk\u0142adzie Grzegorz SP3VZY i Andrzej SP3IYM \ud83d\ude42<br \/>\nSprz\u0119t: Yaesu FT-857D moc 50W,  12metr\u00f3w kabla H-1000, Antena 9el G0KSC OWL Yagi 12dBd na obrocie 3m nad dachem.<br \/>\nA to wszystko na dachu wie\u017cowca 10 pi\u0119trowego 80m npm + 35m npt.<\/p>\n<p>QSO powy\u017cej 600km:<\/p>\n<p>HB9FAP JN47PH 788km<br \/>\nS59DEM JN75DS 762km<br \/>\nYR1A KN16JS 754km<br \/>\nDK5EW JN48MB 741km<br \/>\nDR9A JN48EQ 733km<br \/>\nYO5OCZ KN17UL 729km<br \/>\nS50C JN76JG 699km<br \/>\nDK0BN JN39VV 697km<br \/>\n9A2L JN86HF 687km<br \/>\nDJ2QV JN57MP 677km<br \/>\nHA0V KN06HT 675km<br \/>\nS59R JN76OM 666km<br \/>\nDF0MU JO32PC 659km<br \/>\nS57M JN76PO 656km<br \/>\nDL0LN\/P JO31QX 655km<br \/>\nS59P JN86AO 648km<br \/>\nS51ZO JN86DR 632km<br \/>\nUT5W KN29MW 626km<br \/>\nS57O JN86DT 623km<br \/>\nSK6DK JO67EH 621km<br \/>\nDK1KC\/P JN58QH 603km<\/p>\n<p>S\u0142ysza\u0142em takie stacje jak:  I5PVA\/6 JN63GN 1036km, E71GJK JN94GG, YU7W JN95RD, YT4B JN94SD, YT7C, YU1EF KN05CD, LX\/PA1TK\/P JN39AX, 9A8D JN95LM, 9A6K JN95IT, HB9GT JN47MH, HG1Z JN86KU, PA5MS,  DK0UU JN48XK (praktycznie ca\u0142e zawody, ale nie obr\u00f3ci\u0142 anteny na SP),  DG0LB, i wiele wiele innych <\/p>\n<p>Wnioski na przysz\u0142o\u015b\u0107 z tej lokalizacji:<\/p>\n<p>Jedna albo i dwie d\u0142ugie jagi w Kierunku na YU\/E7\/YO<br \/>\nZestaw 3 lub 4 kr\u00f3tkich szerokich  w wi\u0105zce poziomej anten na DL.<br \/>\nI jedna antena na rotorze no i koniecznie naprawi\u0107 to moje PA 200W.<\/p>\n<p><a href='http:\/\/wstaw.org\/h\/f6b6b345b3a\/'><img src='http:\/\/wstaw.org\/m\/2012\/09\/03\/vhf2012_png_300x300_q85.jpg'><\/a><\/p>\n","protected":false},"excerpt":{"rendered":"<p>WYNIK: ok. 68000 pkt. QSO: 183 DXCC: WW LOC:63 ODX HB9FAP 788km Wystartowali\u015bmy w kategorii MO w sk\u0142adzie Grzegorz SP3VZY i Andrzej SP3IYM \ud83d\ude42 Sprz\u0119t: Yaesu FT-857D moc 50W, 12metr\u00f3w kabla H-1000, Antena 9el G0KSC OWL Yagi 12dBd na obrocie 3m nad dachem. A to wszystko na dachu wie\u017cowca 10 pi\u0119trowego 80m npm + 35m &hellip; <a href=\"https:\/\/so3z.com\/?page_id=578\" class=\"more-link\">Czytaj dalej <span class=\"screen-reader-text\">2012 &#8211; VHF IARU<\/span> <span class=\"meta-nav\">&rarr;<\/span><\/a><\/p>\n","protected":false},"author":1,"featured_media":0,"parent":19,"menu_order":8,"comment_status":"open","ping_status":"open","template":"","meta":{"footnotes":""},"class_list":["post-578","page","type-page","status-publish","hentry"],"_links":{"self":[{"href":"https:\/\/so3z.com\/index.php?rest_route=\/wp\/v2\/pages\/578","targetHints":{"allow":["GET"]}}],"collection":[{"href":"https:\/\/so3z.com\/index.php?rest_route=\/wp\/v2\/pages"}],"about":[{"href":"https:\/\/so3z.com\/index.php?rest_route=\/wp\/v2\/types\/page"}],"author":[{"embeddable":true,"href":"https:\/\/so3z.com\/index.php?rest_route=\/wp\/v2\/users\/1"}],"replies":[{"embeddable":true,"href":"https:\/\/so3z.com\/index.php?rest_route=%2Fwp%2Fv2%2Fcomments&post=578"}],"version-history":[{"count":9,"href":"https:\/\/so3z.com\/index.php?rest_route=\/wp\/v2\/pages\/578\/revisions"}],"predecessor-version":[{"id":582,"href":"https:\/\/so3z.com\/index.php?rest_route=\/wp\/v2\/pages\/578\/revisions\/582"}],"up":[{"embeddable":true,"href":"https:\/\/so3z.com\/index.php?rest_route=\/wp\/v2\/pages\/19"}],"wp:attachment":[{"href":"https:\/\/so3z.com\/index.php?rest_route=%2Fwp%2Fv2%2Fmedia&parent=578"}],"curies":[{"name":"wp","href":"https:\/\/api.w.org\/{rel}","templated":true}]}}