{"id":709,"date":"2013-05-13T09:03:53","date_gmt":"2013-05-13T08:03:53","guid":{"rendered":"http:\/\/so3z.com\/?page_id=709"},"modified":"2017-01-22T11:40:31","modified_gmt":"2017-01-22T10:40:31","slug":"2013-%e2%80%93-ii-iaru","status":"publish","type":"page","link":"https:\/\/so3z.com\/?page_id=709","title":{"rendered":"2013 \u2013 II IARU"},"content":{"rendered":"<p>Pracowa\u0142em w pa\u015bmie 144MHz w kategorii Single Op.<br \/>\nSprz\u0119t: Yaesu FT-857D, 50W mocy wyj\u015bciowej, 16 metr\u00f3w kabla RF-7, antena  9el OWL G0KSC  12dBd (no\u015bnik 5m)  oko\u0142o 5 metr\u00f3w nad dachem (40m npt + 80m npm) .<br \/>\n<strong>QSO: 139  Punkty: 53329 ODX: 9A0V 820km<\/strong><\/p>\n<p>TOP QRB:<br \/>\n9A0V JN95 820km<br \/>\n9A4V JN95 796km<br \/>\nHB9EFK JN47 788km<br \/>\nDK0A JN48 749km<br \/>\nDR9A JN48 733km<br \/>\nS57C JN76 715km<br \/>\nDK2GZ JN49 699km<br \/>\nHG3X JN96 698km<br \/>\nDK0BN JN39 697km<br \/>\nS56K JN76 689km<br \/>\n9A2L JN86 687km<br \/>\nS57M JN76 656km<br \/>\nDL0LB JN49 653km<br \/>\nS59ABC JN76 652km<br \/>\nS59P JN86 648km<br \/>\nDR3M JO34 636km<br \/>\nS57O JN86 623km<br \/>\nS53O JN86 623km<br \/>\nDK5LO\/p JN67 617km<\/p>\n<p><em>KLIKNIJ BY POWI\u0118KSZY\u0106<\/em><br \/>\n<a href=\"https:\/\/so3z.com\/?attachment_id=735\" rel=\"attachment wp-att-735\"><img loading=\"lazy\" decoding=\"async\" src=\"https:\/\/so3z.com\/wp-content\/uploads\/2013\/05\/so3z-iicontest-300x300.jpg\" alt=\"\" title=\"so3z-iicontest\" width=\"300\" height=\"300\" class=\"alignnone size-medium wp-image-735\" srcset=\"https:\/\/so3z.com\/wp-content\/uploads\/2013\/05\/so3z-iicontest-300x300.jpg 300w, https:\/\/so3z.com\/wp-content\/uploads\/2013\/05\/so3z-iicontest-150x150.jpg 150w, https:\/\/so3z.com\/wp-content\/uploads\/2013\/05\/so3z-iicontest.jpeg 1000w\" sizes=\"auto, (max-width: 300px) 100vw, 300px\" \/><\/a><\/p>\n<p>Przed zawodami by\u0142o pi\u0119kne tropo, w czasie zawod\u00f3w zmienia\u0142y si\u0119 warunki. Pot\u0119\u017cne bursty MS by\u0142y. Na moje CQ odpowiedzia\u0142 EA4KR z lokatora IN80ER, qrb 2080km jednak nie uda\u0142o sie skompletowa\u0107 \u0142\u0105czno\u015bci. Na meteorach s\u0142ysza\u0142em r\u00f3wnie\u017c IK1WVQ z lokatora JN34QM (1125km), oraz  IK5ZWU\/6 z lokatora JN63GN (qrb 1035km).<br \/>\nZ kolei na tropo s\u0142ysza\u0142em stacje i niekt\u00f3re mnie s\u0142ysza\u0142y takie jak: YU1LA KN04FR 890km, YT1S JN94RO 886km, YU7ACO KN05QC 873km, YU1EF KN05CD 840km, HB9GT JN47MH 801km, 9A1CRS JN95AG 796km, 9A1N JN85LI 783km, 9A8D JN95LM 778km, HB9CXK JN47PM 770km, DL2KBX JO30EM 764km, DF0MU JO32PC 660km, DL0LN JO31QX 657km, DL5DBT JO31TN 647km, DL6NDW JN57OX 640km, YL3AG, UT4WT i inne.<\/p>\n<p><a href=\"https:\/\/so3z.com\/?attachment_id=740\" rel=\"attachment wp-att-740\"><img loading=\"lazy\" decoding=\"async\" src=\"https:\/\/so3z.com\/wp-content\/uploads\/2013\/05\/IMG_7829-300x225.jpg\" alt=\"\" title=\"IMG_7829\" width=\"300\" height=\"225\" class=\"alignnone size-medium wp-image-740\" srcset=\"https:\/\/so3z.com\/wp-content\/uploads\/2013\/05\/IMG_7829-300x225.jpg 300w, https:\/\/so3z.com\/wp-content\/uploads\/2013\/05\/IMG_7829-1024x768.jpg 1024w, https:\/\/so3z.com\/wp-content\/uploads\/2013\/05\/IMG_7829.jpg 1632w\" sizes=\"auto, (max-width: 300px) 100vw, 300px\" \/><\/a><br \/>\n<a href=\"https:\/\/so3z.com\/?attachment_id=741\" rel=\"attachment wp-att-741\"><img loading=\"lazy\" decoding=\"async\" src=\"https:\/\/so3z.com\/wp-content\/uploads\/2013\/05\/IMG_7872-300x225.jpg\" alt=\"\" title=\"IMG_7872\" width=\"300\" height=\"225\" class=\"alignnone size-medium wp-image-741\" srcset=\"https:\/\/so3z.com\/wp-content\/uploads\/2013\/05\/IMG_7872-300x225.jpg 300w, https:\/\/so3z.com\/wp-content\/uploads\/2013\/05\/IMG_7872-1024x768.jpg 1024w, https:\/\/so3z.com\/wp-content\/uploads\/2013\/05\/IMG_7872.jpg 1632w\" sizes=\"auto, (max-width: 300px) 100vw, 300px\" \/><\/a><br \/>\n<a href=\"https:\/\/so3z.com\/?attachment_id=742\" rel=\"attachment wp-att-742\"><img loading=\"lazy\" decoding=\"async\" src=\"https:\/\/so3z.com\/wp-content\/uploads\/2013\/05\/IMG_7876-300x225.jpg\" alt=\"\" title=\"IMG_7876\" width=\"300\" height=\"225\" class=\"alignnone size-medium wp-image-742\" srcset=\"https:\/\/so3z.com\/wp-content\/uploads\/2013\/05\/IMG_7876-300x225.jpg 300w, https:\/\/so3z.com\/wp-content\/uploads\/2013\/05\/IMG_7876-1024x768.jpg 1024w, https:\/\/so3z.com\/wp-content\/uploads\/2013\/05\/IMG_7876.jpg 1632w\" sizes=\"auto, (max-width: 300px) 100vw, 300px\" \/><\/a><\/p>\n<p>Dalekie s\u0142yszane stacje mapa + r\u00f3\u017cne nagrania.<br \/>\n<a href=\"https:\/\/so3z.com\/?attachment_id=745\" rel=\"attachment wp-att-745\"><img loading=\"lazy\" decoding=\"async\" src=\"https:\/\/so3z.com\/wp-content\/uploads\/2013\/05\/20130521104523-300x300.jpg\" alt=\"\" title=\"20130521104523\" width=\"300\" height=\"300\" class=\"alignnone size-medium wp-image-745\" srcset=\"https:\/\/so3z.com\/wp-content\/uploads\/2013\/05\/20130521104523-300x300.jpg 300w, https:\/\/so3z.com\/wp-content\/uploads\/2013\/05\/20130521104523-150x150.jpg 150w, https:\/\/so3z.com\/wp-content\/uploads\/2013\/05\/20130521104523.jpeg 601w\" sizes=\"auto, (max-width: 300px) 100vw, 300px\" \/><\/a><br \/>\n<a href=\"https:\/\/so3z.com\/records\/2nd2013\/IK1WVQ-JN34QM-1125km.ogg\">IK1WVQ JN34QM 1125km Tropo i MS<\/a><br \/>\n<a href=\"https:\/\/so3z.com\/records\/2nd2013\/YU1LA-KN04FR-890km.ogg\">YU1LA KN04FR 890km   chyba MS<\/a><br \/>\n<a href=\"https:\/\/so3z.com\/records\/2nd2013\/YT1S-JN94RO-886km.ogg\">YT1S JN94RO 886km  Tropo<\/a><br \/>\n<a href=\"https:\/\/so3z.com\/records\/2nd2013\/YU7ACO-KN05QC-873km.ogg\">YU7ACO KN05QC 873km Tropo<\/a><br \/>\n<a href=\"https:\/\/so3z.com\/records\/2nd2013\/YU1EF-KN05CD-841km.ogg\">YU1EF KN05CD 841km Tropo<\/a><\/p>\n<p>z czasem dorzuc\u0119 wi\u0119cej nagra\u0144.<\/p>\n","protected":false},"excerpt":{"rendered":"<p>Pracowa\u0142em w pa\u015bmie 144MHz w kategorii Single Op. Sprz\u0119t: Yaesu FT-857D, 50W mocy wyj\u015bciowej, 16 metr\u00f3w kabla RF-7, antena 9el OWL G0KSC 12dBd (no\u015bnik 5m) oko\u0142o 5 metr\u00f3w nad dachem (40m npt + 80m npm) . QSO: 139 Punkty: 53329 ODX: 9A0V 820km TOP QRB: 9A0V JN95 820km 9A4V JN95 796km HB9EFK JN47 788km DK0A &hellip; <a href=\"https:\/\/so3z.com\/?page_id=709\" class=\"more-link\">Czytaj dalej <span class=\"screen-reader-text\">2013 \u2013 II IARU<\/span> <span class=\"meta-nav\">&rarr;<\/span><\/a><\/p>\n","protected":false},"author":1,"featured_media":0,"parent":19,"menu_order":10,"comment_status":"open","ping_status":"open","template":"","meta":{"footnotes":""},"class_list":["post-709","page","type-page","status-publish","hentry"],"_links":{"self":[{"href":"https:\/\/so3z.com\/index.php?rest_route=\/wp\/v2\/pages\/709","targetHints":{"allow":["GET"]}}],"collection":[{"href":"https:\/\/so3z.com\/index.php?rest_route=\/wp\/v2\/pages"}],"about":[{"href":"https:\/\/so3z.com\/index.php?rest_route=\/wp\/v2\/types\/page"}],"author":[{"embeddable":true,"href":"https:\/\/so3z.com\/index.php?rest_route=\/wp\/v2\/users\/1"}],"replies":[{"embeddable":true,"href":"https:\/\/so3z.com\/index.php?rest_route=%2Fwp%2Fv2%2Fcomments&post=709"}],"version-history":[{"count":34,"href":"https:\/\/so3z.com\/index.php?rest_route=\/wp\/v2\/pages\/709\/revisions"}],"predecessor-version":[{"id":2754,"href":"https:\/\/so3z.com\/index.php?rest_route=\/wp\/v2\/pages\/709\/revisions\/2754"}],"up":[{"embeddable":true,"href":"https:\/\/so3z.com\/index.php?rest_route=\/wp\/v2\/pages\/19"}],"wp:attachment":[{"href":"https:\/\/so3z.com\/index.php?rest_route=%2Fwp%2Fv2%2Fmedia&parent=709"}],"curies":[{"name":"wp","href":"https:\/\/api.w.org\/{rel}","templated":true}]}}