{"id":772,"date":"2013-07-09T17:08:13","date_gmt":"2013-07-09T16:08:13","guid":{"rendered":"http:\/\/so3z.com\/?page_id=772"},"modified":"2015-04-08T12:37:25","modified_gmt":"2015-04-08T11:37:25","slug":"2013-iii-iaru-sn7l","status":"publish","type":"page","link":"https:\/\/so3z.com\/?page_id=772","title":{"rendered":"2013 &#8211; III IARU"},"content":{"rendered":"<p><strong>SN7L  JO70SS  Szrenica Mountain 1362m ASL <\/strong><br \/>\nI was guest at SN7L contest team (SP7TEE, SP7HKK, SP7MTU, SP7OGP, SQ7DQX). I was qrv with Mateusz SQ7DQX on <strong>70cm<\/strong> station. We made 353 QSO, with average QRB\/QSO about 410km, and about 143000 points. ODX on both band was EI9E\/p with QRB 1548km. Great tropo conditions to West direction. I haven&#8217;t log here, on map below text only QSO with distances above 700km. <\/p>\n<hr \/>\n<p><strong>SN7L JO70SS  czyli schronisko na Szrenicy 1362m n.p.m. <\/strong><br \/>\nNa zaproszenie Ma\u0107ka SP7TEE podczas pr\u00f3b subregionalnych do\u0142\u0105czy\u0142em do teamu SN7L.<br \/>\nNa miejscu mia\u0142em przyjemno\u015b\u0107 wsp\u00f3\u0142dzia\u0142a\u0107 z Ma\u0107kiem SP7TEE, Wojtkiem SP7HKK, Piotrem SP7OGP, Zbigniewem SP7MTU,  Mateuszem SQ7DQX, Krzy\u015bkiem. <br \/>\nRdze\u0144 ekipy by\u0142 ju\u017c od czwartku na miejscu, ja i Mateusz do\u0142\u0105czyli\u015bmy w pi\u0105tek. <\/p>\n<p>Ja wraz z Mateuszem SQ7DQX pracowali\u015bmy na 70cm, reszta na 2m.<br \/>\nJa na 70cm pracowa\u0142em praktycznie 24h oczywi\u015bcie nie caly czas przy mikrofonie.<\/p>\n<p>A sprz\u0119t to:<br \/>\n70cm: FT-736R, rotor \u017cyrardowski, 60m kabla, a za nim PA 350W, LNA jeszcze pare metr\u00f3w kabla i 21el. DK7ZB ponad 6m nad ska\u0142ami \ud83d\ude42 <br \/>\n2m: FT-1000MP, TR-9130, Transverter (wszystko modyfikowane, spi\u0119te i pracuj\u0105ce razem przez Ma\u0107ka SP7TEE &#8211; dlatego SN7L ma dobre &#8222;uszy&#8221;), r\u00f3wnie\u017c po 60m kabla (x2), rotory (x2), wzmacniacze 400W (x2), LNA (x2), 2x   2x 12el DK7ZB<br \/>\nNo i komputery do logowania, KST, gadaczki, prze\u0142\u0105cznik antenowy na 2m.<\/p>\n<p>Po postawieniu zestawu 2x 21el DK7ZB okaza\u0142o si\u0119, \u017ce system nie pracuje, konieczne by\u0142o po\u0142o\u017cenie ca\u0142o\u015bci i po sprawdzeniu zdecydowano o pozostawieniu jednej anteny &#8211; jedna z anten uleg\u0142a uszkodzeniu.<br \/>\nPogoda na pocz\u0105tku by\u0142a trudna, za to propagacja dopisa\u0142a \ud83d\ude42<br \/>\nODX (na obu pasmach) EI9E\/P  1548km, 23 \u0142\u0105czno\u015bci powy\u017cej 1000km, 25 pomi\u0119dzy 1000-700km. \u0141\u0105cznie 353 QSO, DXCC 23, LOC 88. Super wynik dok\u0142adnie ile punkt\u00f3w nie zapisa\u0142em ale ponad 140 tysi\u0119cy. <\/p>\n<p> <a href=\"http:\/\/enduro.idl.pl\/sn7l_2013_3\/index.html\"> Galeria Mateusza SQ7DQX <\/a><br \/>\n <a href=\"https:\/\/picasaweb.google.com\/103529879792333468916\/SN7LSzrenicaIIIProbySubregionalne2013\"> Moja Galeria <\/a><br \/>\n<a href=\"https:\/\/www.youtube.com\/watch?v=rIFOOPSp_Wc\">Nagrania sygna\u0142u SN7L na 144MHz u M0HKB<\/a><BR \/><br \/>\n<a href=\"https:\/\/so3z.com\/SN7L\/07-2013-144MHz\/\"> AUDIO RECORDS QSO above 900km <\/a><BR \/><\/p>\n<p>Mapka \u0142\u0105czno\u015bci powy\u017cej 700km na 70cm, tyle zapisa\u0142em sobie. <br \/>\n<a href='http:\/\/wstaw.org\/w\/24pa\/'><img src='http:\/\/wstaw.org\/m\/2013\/07\/08\/sn7l-contest70_png_300x300_q85.jpg'><\/a><\/p>\n<hr \/>\n<p><a href=\"http:\/\/wklej.org\/id\/1093339\/\">SN7L 144MHz QSO >700km<\/a> <br \/>\n<a href='http:\/\/wstaw.org\/m\/2013\/08\/21\/sn7l-contest2_2.png'><img src='http:\/\/wstaw.org\/m\/2013\/08\/21\/sn7l-contest2_2_png_300x300_q85.jpg'><\/a><\/p>\n","protected":false},"excerpt":{"rendered":"<p>SN7L JO70SS Szrenica Mountain 1362m ASL I was guest at SN7L contest team (SP7TEE, SP7HKK, SP7MTU, SP7OGP, SQ7DQX). I was qrv with Mateusz SQ7DQX on 70cm station. We made 353 QSO, with average QRB\/QSO about 410km, and about 143000 points. ODX on both band was EI9E\/p with QRB 1548km. Great tropo conditions to West direction. &hellip; <a href=\"https:\/\/so3z.com\/?page_id=772\" class=\"more-link\">Czytaj dalej <span class=\"screen-reader-text\">2013 &#8211; III IARU<\/span> <span class=\"meta-nav\">&rarr;<\/span><\/a><\/p>\n","protected":false},"author":1,"featured_media":0,"parent":19,"menu_order":11,"comment_status":"open","ping_status":"open","template":"","meta":{"footnotes":""},"class_list":["post-772","page","type-page","status-publish","hentry"],"_links":{"self":[{"href":"https:\/\/so3z.com\/index.php?rest_route=\/wp\/v2\/pages\/772","targetHints":{"allow":["GET"]}}],"collection":[{"href":"https:\/\/so3z.com\/index.php?rest_route=\/wp\/v2\/pages"}],"about":[{"href":"https:\/\/so3z.com\/index.php?rest_route=\/wp\/v2\/types\/page"}],"author":[{"embeddable":true,"href":"https:\/\/so3z.com\/index.php?rest_route=\/wp\/v2\/users\/1"}],"replies":[{"embeddable":true,"href":"https:\/\/so3z.com\/index.php?rest_route=%2Fwp%2Fv2%2Fcomments&post=772"}],"version-history":[{"count":19,"href":"https:\/\/so3z.com\/index.php?rest_route=\/wp\/v2\/pages\/772\/revisions"}],"predecessor-version":[{"id":2309,"href":"https:\/\/so3z.com\/index.php?rest_route=\/wp\/v2\/pages\/772\/revisions\/2309"}],"up":[{"embeddable":true,"href":"https:\/\/so3z.com\/index.php?rest_route=\/wp\/v2\/pages\/19"}],"wp:attachment":[{"href":"https:\/\/so3z.com\/index.php?rest_route=%2Fwp%2Fv2%2Fmedia&parent=772"}],"curies":[{"name":"wp","href":"https:\/\/api.w.org\/{rel}","templated":true}]}}