{"id":877,"date":"2013-08-26T15:42:10","date_gmt":"2013-08-26T14:42:10","guid":{"rendered":"http:\/\/so3z.com\/?page_id=877"},"modified":"2022-08-23T10:04:24","modified_gmt":"2022-08-23T09:04:24","slug":"zieleniec-2013-zjazd-pk-ukf","status":"publish","type":"page","link":"https:\/\/so3z.com\/?page_id=877","title":{"rendered":"zjazd PK UKF &#8211; Zieleniec 2013"},"content":{"rendered":"<p>Mia\u0142em okazj\u0119 pozna\u0107 osobi\u015bcie znajome znaki z pasma \ud83d\ude42 Podyskutowa\u0107 wymieni\u0107 pogl\u0105dy, i napi\u0107 si\u0119 doskona\u0142ego piwa po czeskiej stronie.<br \/>\nSzkoda, \u017ce na stronie PK-UKFu nie by\u0142y wymienione wszystkie te znaki jakie by\u0142y obecne podczas zjazdu. No i nadal brakowa\u0142o niekt\u00f3rych znak\u00f3w &#8211;  bawi mnie ten podzia\u0142 i wzajemne animozja &#8222;starych koni&#8221; &#8211; \u015bmiech na sali.<br \/>\nNiemniej nowym prezesem Polskiego Klubu UKF zosta\u0142 Krzysztof SP9CP &#8211; gratulacje !<\/p>\n<p><strong>Galerie: <\/strong><br \/>\n<a href=\"https:\/\/picasaweb.google.com\/115185572942380371265\/15ZjazdTechnicznyPKUKFZieleniec2013?authuser=0&#038;feat=directlink\">Zbyszek SP3RNY<\/a> &nbsp; <a href=\" http:\/\/sp9xud.pl\/radio\/zieleniec2013\/\">Andrzeja SP9XUD<\/a>  &nbsp; <a href=\"http:\/\/ok2kkw.rajce.idnes.cz\/nastenka\/\">Mateja OK1TEH<\/a> <\/p>\n<p>Sporo ciekawych rozm\u00f3w z Kolegami SP7DCS, SP6GZZ, SP6LTC, SP3SWJ, SP5XMU, SP7TEE, SP8XXN, OK1VPZ doradzi\u0142 mi kilka rzeczy.<br \/>\nR\u00f3wnie\u017c referaty techniczne bardzo ciekawe. Cho\u0107 mnie najbardziej interesuj\u0105 pasma mi\u0119dzy 6m a 23cm.<br \/>\nUda\u0142o mi si\u0119 w bardzo dobrej cenie dosta\u0107 k\u0105towe wtyki N Suhnera i Radiala na kable H-1000\/CNT-400 &#8211; taniej ni\u017c nowe &#8222;chi\u0144skie&#8221; badziewie.<br \/>\nKrzysztof SP7DCS poradzi\u0142 i pokaza\u0142 w jaki spos\u00f3b przestroi\u0142 ko\u0144c\u00f3wk\u0119 mocy kt\u00f3r\u0105 posiadam, r\u00f3wnie\u017c bardzo ciekawo rozmawia\u0142o si\u0119 nt. EME.<br \/> R\u00f3nie\u017c Vladim\u00edr OK1VPZ doradzi\u0142 mi kilka rzeczy je\u017celi chodzi o p\u0142ytk\u0119 wzmacniacz.<\/p>\n<p><a href=\"https:\/\/so3z.com\/?attachment_id=878\" rel=\"attachment wp-att-878\"><img decoding=\"async\" src=\"https:\/\/so3z.com\/wp-content\/uploads\/2013\/08\/DSC0607.jpg\" alt=\"\" title=\"Masarykowa Chata  - zdj\u0119cie SP3RNY\" width=\"600\" height=\"\" class=\"aligncenter size-medium wp-image-878\" srcset=\"https:\/\/so3z.com\/wp-content\/uploads\/2013\/08\/DSC0607.jpg 1024w, https:\/\/so3z.com\/wp-content\/uploads\/2013\/08\/DSC0607-300x199.jpg 300w\" sizes=\"(max-width: 1024px) 100vw, 1024px\" \/><\/a><\/p>\n<p>\nA na koniec powymieniam znaki kt\u00f3re odnotowa\u0142em:<br \/>\nSP9CP, SP7TEE, SP5XMU, SP8XXN, SP5QWB, SP5QWJ, SP5CCC, SP5NHF, SP2MKO, SP2IQW, SP2CHY, SP2IPT, SQ2BXI, SP6GZZ, SP6FIG, SP7DCS, SP9WY, SP6GWB, SP6JLW, SP6OPN, SP6LTC, SP9QZO, SP9XUD, SP3RNY, SP3SWJ, SP8NTH, SP3AMO, SP3WYP, SP3TL, SP7RJF, SP6SNS, SP3IQ, OK1DFC, OK1TEH, OK1VPZ, OK1AIY, DL6NCI, DJ6EP i pewnie wiele innych znak\u00f3w r\u00f3wnie\u017c by\u0142o obecnych \ud83d\ude42<\/p>\n<p>Oczywi\u015bcie brakowa\u0142o sporo znak\u00f3w stowarzyszonych z Mikrofale.net, a szkoda, te\u017c mogli przekaza\u0107 mas\u0119 cennych informacji&#8230; <\/p>\n<p><a href=\"https:\/\/picasaweb.google.com\/102961223707632102176\/Zieleniec13\">A tu kilka moich zdj\u0119\u0107 z g\u00f3ry<\/a><\/p>\n","protected":false},"excerpt":{"rendered":"<p>Mia\u0142em okazj\u0119 pozna\u0107 osobi\u015bcie znajome znaki z pasma \ud83d\ude42 Podyskutowa\u0107 wymieni\u0107 pogl\u0105dy, i napi\u0107 si\u0119 doskona\u0142ego piwa po czeskiej stronie. Szkoda, \u017ce na stronie PK-UKFu nie by\u0142y wymienione wszystkie te znaki jakie by\u0142y obecne podczas zjazdu. No i nadal brakowa\u0142o niekt\u00f3rych znak\u00f3w &#8211; bawi mnie ten podzia\u0142 i wzajemne animozja &#8222;starych koni&#8221; &#8211; \u015bmiech na &hellip; <a href=\"https:\/\/so3z.com\/?page_id=877\" class=\"more-link\">Czytaj dalej <span class=\"screen-reader-text\">zjazd PK UKF &#8211; Zieleniec 2013<\/span> <span class=\"meta-nav\">&rarr;<\/span><\/a><\/p>\n","protected":false},"author":1,"featured_media":0,"parent":184,"menu_order":0,"comment_status":"closed","ping_status":"closed","template":"","meta":{"footnotes":""},"class_list":["post-877","page","type-page","status-publish","hentry"],"_links":{"self":[{"href":"https:\/\/so3z.com\/index.php?rest_route=\/wp\/v2\/pages\/877","targetHints":{"allow":["GET"]}}],"collection":[{"href":"https:\/\/so3z.com\/index.php?rest_route=\/wp\/v2\/pages"}],"about":[{"href":"https:\/\/so3z.com\/index.php?rest_route=\/wp\/v2\/types\/page"}],"author":[{"embeddable":true,"href":"https:\/\/so3z.com\/index.php?rest_route=\/wp\/v2\/users\/1"}],"replies":[{"embeddable":true,"href":"https:\/\/so3z.com\/index.php?rest_route=%2Fwp%2Fv2%2Fcomments&post=877"}],"version-history":[{"count":28,"href":"https:\/\/so3z.com\/index.php?rest_route=\/wp\/v2\/pages\/877\/revisions"}],"predecessor-version":[{"id":4225,"href":"https:\/\/so3z.com\/index.php?rest_route=\/wp\/v2\/pages\/877\/revisions\/4225"}],"up":[{"embeddable":true,"href":"https:\/\/so3z.com\/index.php?rest_route=\/wp\/v2\/pages\/184"}],"wp:attachment":[{"href":"https:\/\/so3z.com\/index.php?rest_route=%2Fwp%2Fv2%2Fmedia&parent=877"}],"curies":[{"name":"wp","href":"https:\/\/api.w.org\/{rel}","templated":true}]}}