{"id":926,"date":"2013-09-10T10:47:46","date_gmt":"2013-09-10T09:47:46","guid":{"rendered":"http:\/\/so3z.com\/?page_id=926"},"modified":"2017-03-30T14:09:44","modified_gmt":"2017-03-30T13:09:44","slug":"2013-vhf-iaru","status":"publish","type":"page","link":"https:\/\/so3z.com\/?page_id=926","title":{"rendered":"2013 &#8211; VHF IARU"},"content":{"rendered":"<p><strong>S N 7 L  &nbsp; J O 7 0 S S &nbsp;  1362m npm<\/strong> &nbsp;&nbsp;&nbsp;&nbsp;<H2 style=\"color:red;\">  5 miejsce w Europie w kategorii MultiOp !!! <\/H2> <\/p>\n<p><strong>QSO:<\/strong>904  &nbsp; <strong> ODX:<\/strong> OH6KTL 1338km &nbsp; <strong>oko\u0142o 363000 pkt<\/strong><\/p>\n<p><strong>TRX: FT-1000MP+TR9130+TRV (SP7TEE 30m->2m)<\/strong><BR \/><br \/>\n<strong>ANT: 1.  2x 12el DK7ZB &nbsp;   2. 2x 12el DK7ZB &nbsp; 3. 2x 17el F9FT<\/strong><BR \/><br \/>\n<strong>PA: 3x  500W + LNA pod ka\u017cdym masztem<\/strong><\/p>\n<p>\nEkipa w sk\u0142adzie Maciek SP7TEE, Wojtek SP7HKK, Zbyszek SP7MTU, Darek SP6SYO pojawi\u0142a si\u0119 na Szrenicy ju\u017c w czwartek i ustawili jeden system antenowy. Ja do\u0142\u0105czy\u0142em w pi\u0105tek przed po\u0142udniem, a ze mn\u0105 na kilka godzin Przemek SQ3KCA, kt\u00f3ry pom\u00f3g\u0142 przy stawianiu dw\u00f3ch kolejnych zestaw\u00f3w antenowych.<br \/> W pi\u0105tek wszystko ju\u017c by\u0142o gotowe, w wolnej chwili wraz z Wojtekiem HKK wymienili\u015bmy uszkodzony odcinek kabla w SR6J od anteny a\u017c pod zadaszenie &#8211; stary by\u0142 zerwany i przetarty w dw\u00f3ch miejscach. <br \/>\nPogoda dopisa\u0142a od czwartku a\u017c do ko\u0144ca soboty. W niedziel\u0119 nadszed\u0142 front ze zmian\u0105 pogody &#8211; bardzo silny wiatr, kt\u00f3ry niestety przewr\u00f3ci\u0142 nam p\u00f3\u0142nocno-zachodni system antenowy. Mimo to uda\u0142o si\u0119 osi\u0105gn\u0105\u0107 super wynik, pobi\u0107 dotychczasowy rekord. Pracowali\u015bmy we dw\u00f3ch przy radiu z godzinnymi zmianami SP7TEE, SP7HKK, SP3IYM. <\/p>\n<p>Pojawi\u0142o si\u0119 ba\u0142tyckie tropo na Szwecj\u0119 i Finlandi\u0119, par\u0119 dalekich stacji dzi\u0119ki temu wpad\u0142o. Dobre warunki by\u0142y na 9A\/S5 mimo zas\u0142oni\u0119tego kierunku grzbietem \u015anie\u017cnych Kot\u0142\u00f3w i \u015anie\u017ck\u0105 uda\u0142o si\u0119 zrobi\u0107 sporo stacji, r\u00f3wnie\u017c kilka YU. Dobre warunki r\u00f3wnie\u017c w kierunku W\u0142och. Bardzo specyficzne szybkie QSB wyst\u0119powa\u0142o w sobot\u0119 w kierunku zachodnim &#8211; pewnie przez przetaczaj\u0105cy si\u0119 front. W pierwszej godzinie zawod\u00f3w uda\u0142o si\u0119 przeprowadzi\u0107 116 QSO \ud83d\ude42<br \/>\nNiestety w niedziel\u0119 nad ranem pojawi\u0142a si\u0119 stacja z DL, kt\u00f3ra celowo i bezczelnie nas zak\u0142\u00f3ca\u0142a. Ignoranci nie wiedz\u0105, \u017ce b\u0119d\u0105c w zasi\u0119gu optycznym naszych anten w pierwszej strefie fresnela, ich super fabryczny TRX (ic-706, ft-857, ts-2000, ic-910, ic-9100 i wiele innych) jest przesterowany i nie wytrzymuje poziomu sygna\u0142u jaki pojawia si\u0119 na antenie. Nasz sprz\u0119t by\u0142 testowany par\u0119 godzin praktycznie ci\u0105g\u0142ej pracy i wszyscy chwalili ze jako\u015b\u0107 sygna\u0142u&#8230;<\/p>\n<p>Dzi\u0119ki ogromnej wiedzy Ma\u0107ka i ca\u0142ej konstrukcji, kt\u00f3ra radzi sobie bez problemu z ogromnymi sygna\u0142ami z OK\/DL udawa\u0142o si\u0119 zrobi\u0107 stacje na dystansie np. 650km a pracuj\u0105ce moc\u0105 10W i 4el Yagi, czy te\u017c 30W i pionowa antena dook\u00f3lna \ud83d\ude09<\/p>\n<p>A w logu 70 stacji z SP &#8211; ca\u0142kiem sporo ! Dzi\u0119kujemy wszystkim z SP za \u0142\u0105czno\u015bci i punkty i w nast\u0119pnych zawodach liczymy na wi\u0119cej, ka\u017cda \u0142\u0105czno\u015b\u0107 jest wa\u017cna  ! \ud83d\ude42 Ka\u017cdy kto ma cho\u0107 anten\u0119 dook\u00f3ln\u0105 i radio z SSB jest przez nas poszukiwany, im wi\u0119cej stacji w SP b\u0119dzie aktywnych tym lepiej. 400 DL, 161 OK, 36 I, 30 PA&#8230;<\/p>\n<p>W czasie zawod\u00f3w odwiedzili nas Krzysztof SP9CP, Waldemar SP3NYR, Jiri OK1HWU. <\/p>\n<p><a href=\"https:\/\/picasaweb.google.com\/103529879792333468916\/SN7LVHFIARUContest2013\">zdj\u0119cia SP3IYM<\/a> &nbsp; <a href=\"https:\/\/picasaweb.google.com\/103732732040540800594\/SzrenicaSN7L\">zdj\u0119cia SQ3KCA<\/a><br \/>\n<a href=\"http:\/\/lcbsweden.com\/www-sm7lcb\/maps\/qso_map\/map_output.htm?JO70SS;JO42GF;JO61UE;JN69RU;JO60PO;JN79GO;JO61SA;JO70NO;JO40PG;JO61FR;JO50FR;JN55MU;JO51GO;JN49GU;JO70DB;JN37TL;JO60WS;JO61VM;JN79GB;JO61VB;JO22IJ;JO62HD;JO31TN;JN58SC;JO43KC;JN37LO;KO02MF;JO82EF;JO53CL;JN58QH;JN48SQ;JO61PH;KO11JI;JO41TW;JO10XO;JO32VG;JO31UI;JN37RA;JO22HG;JO70IT;JN49HX;JN29VM;JO51MD;JN69MX;JO60IV;JO94JC;JO91CQ;JO50OI;JN48CX;JO81KG;JO82UM;JO70KK;JN79IX;JN69JK;JN59SP;JO71FU;JO60XR;JO71HV;JO61UB;JO70SO;JO70UF;JO63AQ;KO06WK;KO15JC;KO25AF;JO51LB;KO02FB;JO61QL;JO51WF;JN79FP;JO71AE;JO52KR;JO32JE;JO40BP;JO50VJ;KO02LG;JN49MB;JO72HC;JO60JX;KO02OH;JO51TK;JO23UE;JO41CN;JN47VR;JO20MV;JO70JW;JO70GS;JO51JU;JO41QW;JO50UF;JO51MF;JO71IW;JO61QH;JO41BN;JO21RX;JO62FK;JO71HR;JO51DC;JO61PM;JO70HX;JO51IJ;JO52TD;JN79EJ;JO70UD;JN79IW;JN69FT;JO70BK;JO33OO;JN67UV;JN48MK;JO70KJ;JO61PK;JO52AP;JO60RN;JO53LQ;JO50VF;JN68BP;JO60LA;JO53AN;JO31KP;JO51FE;JO50IT;JO60VR;JO91FV;JO86FP;JO52DH;JO60KU;JO70NJ;JN59IE;JN79FV;JO70SQ;JO61UA;JN79VT;JO71FV;JO60CV;JN49II;JO51SP;JO70DP;JN79TI;JN29GG;JO31IG;JO73GL;JO60CP;JO22HJ;JO51ET;JO70QQ;JO73GK;JO71DK;JN58TC;JN69TV;JO50VE;JN56OK;JO61CT;JO70SL;JO51AB;JN69NX;JO41XU;JO63WE;JN55VK;JN58UA;JO70EO;JO62XN;JO73TP;JO61GE;JO51MH;JO32WD;JO72GG;JO62HG;JO33FD;JO60DO;JO50DO;JN69IS;JN68AA;JN79AC;JN68FF;JN78DR;JN47BM;JO55XE;JO62WA;JO51XA;JO21RO;JO20UF;JO65QQ;JO71VQ;JO70JU;JO31GG;JO72GI;JO31EF;JN54DS;JO82LJ;JO62XR;JN79HA;JO70JS;JO84CF;JN68LO;JO94SG;JO41GE;JO51XI;JO70EC;JO73CF;JO70SV;JO82LL;JN69NH;JO70NA;JO80DH;JO70PP;JO30HI;JO51KM;JN63RJ;JO70XI;JO60QG;JO91BR;JN79KH;JO60PT;JO50NP;JN89EX;JO80FA;JO48NS;JO53WH;JO62QO;JN65DE;JO89XG;JO94HI;JN67NT;JO51SW;JO50SF;JN89SS;JN47AW;JN59TS;JO61AI;JO51FP;JN69XT;JO62JA;JO82LK;JN68HD;JO60WP;JN95PE;JO31AF;JO72SV;KN09RR;KN09OR;JO70ED;JN68BK;JO61XC;JN58CH;JN69QJ;JO60EG;JO41LF;JO65RL;JO11WM;JN79PQ;JO22VA;JO62VM;KP00XL;KO16OX;JN47QT;JO52SD;JO51TT;JN59UM;JO60KT;JO72PR;JN68OB;JO31LH;JO77GA;JO31MG;JO70EH;JO70EQ;JO93AI;JO94FL;JO40HA;JO91QT;JO21PQ;JN58WW;JN45ON;JO31QL;JN88NR;JO42DC;JO31LI;JO61OC;JN59UL;JN49XA;JN77WM;KO16DK;JN86EF;JO30AS;JO51PD;JO31JG;JO32DB;JN75NP;JN85WF;JO40OW;JO51QF;KP02OJ;JO20KQ;JO42KE;JN69RI;JO31LG;JN95AD;JO61XF;JN75XW;JO65DJ;JO67AJ;JN69XP;JN89HI;JO21SD;JN87UE;JN39KF;JN44OR;JN68SC;JN58UG;JO61CH;JN79OQ;JN58MD;JO70OQ;JN79GA;JO70UH;JO23KE;JN89FN;JO43LA;JO72CB;JN48GD;JN48XQ;JN89EG;JO62OL;JN94XC;JO43XX;JO22HB;JN88AU;JN89HE;JO51JL;JN47KW;JN95RD;JO33JC;JO50VV;JN75XV;JO32AA;JN89AO;JO64AD;JO50AN;JO31UB;JN86AT;JO50DT;JN58TF;JN95LM;JO52JG;JN48NR;JO90AJ;JO51EL;JN89BO;JN79AI;JO42UO;JN89QU;JN55XH;JN54PF;JN87VH;JO90KI;JO91RT;JO30WR;JO60QU;JO32OH;JO50UR;JO89JT;JO43DD;JO70JV;JO90OD;JO61HD;JN89QQ;JO64PB;JO69RK;JO73CQ;JO79VC;JN48NI;JO53BQ;JN47RJ;JO31RS;JN48RN;JO61RM;JO22SG;KO10DN;JN39LH;JO94GO;JO31OH;JO42SJ;JO42DD;JO52GR;JO42WK;JO30JP;JO70WE;JN67UW;JO32BF;JO31LR;JN79XS;JN88RP;JO94MA;JO70NB;JO41JL;JO73FL;JN89PP;JO62PF;JO60FL;JO62FX;JN49AX;JN99AK;JN99MQ;JO90KG;JO80IB;JN89WH;JO30LK;JO65LJ;JN99QU;KN09VL;JO31MT;JO61GH;JN39PJ;JO61TA;JO61JF;JO94GM;JN78IM;JN58LU;JN54VK;JN86DR;JN69QS;JO70FA;JN69MJ;JO71ES;JN58VJ;JO31NN;JN59QH;KO03HT;JO41BE;JN35UF;JN55UQ;JN48TR;JN45FB;JO30KI;JO32HN;JO50DX;JO50JP;JN65SW;JO54BG;JN94SD;JO40ME;JO31HL;JN37UM;JO02SS;JO20HV;JO41VL;JO31OG;JO70OR;JO60BH;JO43DB;KP10FO;JN38OJ;JO31TO;JN49CD;JN49FO;JO53KV;JN75GK;JO50VH;JO30JF;JN68HG;JN89SJ;JO62PQ;JO63BO;JN34QM;JO52FE;JO42FA;JO42KB;JN99MS;JN29XV;JN69UJ;JN69RS;JO30EM;JO51TU;JN75RT;JN66WA;KO04FQ;JN58LQ;JO90NC;JN69QT;JN78XE;JO66GV;JN39DB;JO22LJ;JO64EB;JO22KJ;JN48KO;JO89WW;JO80IL;JN58QE;JO42RI;JO52CJ;JN48XS;KO12NA;JO92PA;JO51EA;JO21RQ;JN48FB;JN34TQ;JN37NV;JN67JX;JN65EM;JN59LQ;JO53PN;JO71IC;JO21BX;JO31VH;JO70UK;JN76TG;JN54OL;JO51HN;JO71CR;JN69CU;JN47PM;JN76JG;JO21XI;JN38SP;JO52GE;JO60JJ;JO70FC;JN98AH;JO01QD;JO51EQ;JN38RQ;JN39GM;JO89XJ;JN75DS;JO70WG;JO77IP;JO66CB;JO31JM;JN79WF;JO31QX;JO91IB;JO55XJ;JO46OE;JO62NM;JN67LU;JN48XK;JN79FX;JN47MH;JN76KI;JO90IA;JO31UA;JO90PP;JN89AR;JO53AC;JO62RJ;JO62SN;JN49XR;JO70DH;JN99JQ;JO52IJ;JN48LG;KN29BT;JO32PC;JO61SH;JN84LX;JO10UJ;JN76TN;JN88AD;JN75JX;JN88RT;JN86KU;JN85AO;JN97LN;JN88WX;JO40XL;JN88GH;JN86DM;JO62TK;JN58AK;JN59OP;JN37SN;JN27LD;JO62GD;JO61XU;JO44VP;JO70FB;JO50TI;JO30DQ;JN84OR;JN48IL;JN52CT;JO40QL;JN47OM;JN77TX;JO50DJ;JO89VK;JO65CO;JN86DT;JN48GE;JN59RJ;JO42RG;JN95CI;JN88VL;JN86AO;JN65EA;JN86HF;JN76BD;JN99FN;KN08BV;JN97WW;JN89UE;JN88RS;JN94CP;JO60UR;JO42KA;JN62AP;JN76JC;JN87GF;JN39VV;KN05DK;JO31EO;KN05QC;JN88NG;JO30NO;JN75LG;JN76PO;KO02LB;KN09TR;JN29PD;JO70TQ;JN68NL;JN79XN;JN69OU;JN37KB;JO64GX;JN47DF;JN75OM;JN98LR;JN39OC;JO60LJ;JO60LK;JN99CL;JN59WK;JO80FG;KN18JT;JO62PL;JN75PS;JO90EA;JN69JJ;JO80NB;JO43HB;JN98NM;JN87WV;JN75OT;JO70GA;JN98QH;JN88GR;JN63GN;JN88UU;KN05CD;JN79CP;JN89AK;JO42EF;JN99AJ;JN97KR;JN99LJ;JO60UQ;JN75CH;JO01KJ;JN99LD;JN89UC;JN95KI;JO43WJ;JN92ER;JN79ND;JN99CH;JN48CO;JN89XX;JN47PH;JO80CI;JO21GV;JN95SS;JN98LB;JN79NF;JO50XG;JN87DX;JN58UJ;JN98EF;JN88QQ;JN99JK;JO70AQ;JO59IX;JO52GG;JO33VF;JO50IP;JO50LP;JO60RA;JO60SX;JO70MR;JN99BS;JO41SB;JN99BN;JO70LR;JO10UN;JN59RS;JN57IN;JN69GX;JO53AO;JN58DI;JN59OU;JO50UQ;JO60DG;JO51AE;JN76KS;JO68UD;JN48MW;JN69WI;JN57FV;JO91UT;JO91RQ;JO52DS;JO52LE;JO62NL;JO80OB;JN19SE;JO60VV;JN78EB;JO69XB;JO88IT;JO76RC;JO62WN;JN78FA;JN55CC;JN68GV;JN97LF;JN97WV;JO50KQ;JN54MM;JN65VF;JN67TR;JN29VL;JO99JX;JO99AF;JO70IV;JN57RW;JO43WP;JO51RN;JN88WV;JN69NO;JO32RG;JO50XL;JO61ER;JO60OM;JO31LQ;JO20JD;JN98EO;JN98HL;JO50TQ;JO70SP;JN48VF;JO40OH;JO60EM;JO80BJ;JO30TD;KN06HT;JO61FH;JN37PV;JO44RT;JO30UQ;JN38VT;JO70SN;JO31PN;JO50VI;JO43UQ;JO60MM;JN49FT;JN89DO;JN64FV;JO94BF;JN99FP;JN76PB;JN97LW;JN54QM;JN47CE;JO43WI;JN48KU;JN44MU;JN59LG;JN78BP;JN39LI;JO74JA;JN66OB;JN58RT;JN56MJ;JN67OV;JO72BM;JO23TA;JN76UV;JO32TC;JO50TV;JN75OS;JO60WD;JN68OD;JO50LI;JO62QP;JO40KR;JN63DT;JO50VA;JO21IP;JO60WO;JN49GE;JO33JF;JO21VU;JN55QO;JN99JC;JN55SJ;JN65VO;JN54QL;JN57FP;JN85LI;JN85QU;JN79DO;JN68JI;JN76ID;JN85ER;JN75BB;JO53UN;JO80FQ;JN89RX;JN95GM;JO90MJ;JO91VQ;JN66OC;JN78DK;JN66WB;JN58TD;KO13VQ;JO70GC;KN18OO;JO80AC;JN88EG;JO82LM;JN48WM;\">MAPA 1<\/a><\/p>\n<p>QRB >800km <strong>records in links<\/strong> and <a href=\"https:\/\/so3z.com\/SN7L\/09-2013-144MHz\/\">here<\/a><\/p>\n<table>\n<tr>\n<td><a href=\"https:\/\/so3z.com\/SN7L\/09-2013-144MHz\/OH6KTL-KP02-1338km.mp3\">OH6KTL KP02 1338km<\/a><\/td>\n<td><a href=\"https:\/\/so3z.com\/SN7L\/09-2013-144MHz\/SM0VEC-JO89-972km.mp3\">SM0VEC JO89 972km<\/a><\/td>\n<td>IK6EIW JN63 835km<\/td>\n<\/tr>\n<tr>\n<td><a href=\"https:\/\/so3z.com\/SN7L\/09-2013-144MHz\/OH1MN-KP10-1175km.mp3\">OH1MN KP10 1175km<\/a><\/td>\n<td><a href=\"https:\/\/so3z.com\/SN7L\/09-2013-144MHz\/SM0GWX-JO89-958km.mp3\">SM0GWX JO89 958km<\/a><\/td>\n<td>ON4LDP JO10 834km<\/td>\n<\/tr>\n<tr>\n<td><a href=\"https:\/\/so3z.com\/SN7L\/09-2013-144MHz\/OH1ND-KP00-1152km.mp3\">OH1ND KP00 1152km<\/a><\/td>\n<td><a href=\"https:\/\/so3z.com\/SN7L\/09-2013-144MHz\/SM5BMD-JO99-954km.mp3\">SM5BMD JO99 954km<\/a><\/td>\n<td>IK5ZWU\/6 JN63 833km<\/td>\n<\/tr>\n<tr>\n<td><a href=\"https:\/\/so3z.com\/SN7L\/09-2013-144MHz\/LA0BY-JO59-1068km.mp3\">LA0BY JO59 1068km<\/a><\/td>\n<td><a href=\"https:\/\/so3z.com\/SN7L\/09-2013-144MHz\/I0FHZ-JN62-942km.mp3\">I0FHZ JN62AP 942km<\/a><\/td>\n<td>SM6NET JO68 829km<\/td>\n<\/tr>\n<tr>\n<td><a href=\"https:\/\/so3z.com\/SN7L\/09-2013-144MHz\/SK0EN-JO99-1044km.mp3\">SK0EN JO99 1044km<\/a><\/td>\n<td><a href=\"https:\/\/so3z.com\/SN7L\/09-2013-144MHz\/SM4FGN-JO69-928km-10W.mp3\">SM4FGN JO69 928km 10w!<\/a><\/td>\n<td>IW1CKM\/1 JN45 825km<\/td>\n<\/tr>\n<tr>\n<td><a href=\"https:\/\/so3z.com\/SN7L\/09-2013-144MHz\/SM5CUI-JO89-1030km.mp3\">SM5CUI JO89 1030km<\/a><\/td>\n<td><a href=\"https:\/\/so3z.com\/SN7L\/09-2013-144MHz\/SM5FND-JO79-927km.mp3\">SM5FND JO79 927km<\/a><\/td>\n<td>IZ1ESM JN45 825km<\/td>\n<\/tr>\n<tr>\n<td><a href=\"https:\/\/so3z.com\/SN7L\/09-2013-144MHz\/G8T-JO01-1026km.mp3\">G8T JO01 1026km<\/a><\/td>\n<td><a href=\"https:\/\/so3z.com\/SN7L\/09-2013-144MHz\/IK1WVQ-JN34-925km.mp3\">IK1WVQ JN34 925km<\/a><\/td>\n<td>IK3UNA\/1 JN44 822km<\/td>\n<\/tr>\n<tr>\n<td><a href=\"https:\/\/so3z.com\/SN7L\/09-2013-144MHz\/SM5DIC-JO89-1009km.mp3\">SM5DIC JO89 1009km<\/a><\/td>\n<td><a href=\"https:\/\/so3z.com\/SN7L\/09-2013-144MHz\/E7TT-JN92-920km.mp3\">E7TT JN92 920km<\/a><\/td>\n<td>PA5KM JO11 817km<\/td>\n<\/tr>\n<tr>\n<td><a href=\"https:\/\/so3z.com\/SN7L\/09-2013-144MHz\/G8P-JO01-992km.mp3\">G8P JO01 992km<\/a><\/td>\n<td><a href=\"https:\/\/so3z.com\/SN7L\/09-2013-144MHz\/SM5KQS-JO88-898km.mp3\">SM5KQS JO88 898km<\/a><\/td>\n<td>I2XAV\/1 JN44 817km<\/td>\n<\/tr>\n<tr>\n<td><a href=\"https:\/\/so3z.com\/SN7L\/09-2013-144MHz\/G4CDN-JO02-987km.mp3\">G4CDN JO02SS 987km<\/a><\/td>\n<td><a href=\"https:\/\/so3z.com\/SN7L\/09-2013-144MHz\/IK1SPR-JN34-898km.mp3\">IK1SPR JN34 898km<\/a><\/td>\n<td>ON4KHG JO10 816km<\/td>\n<\/tr>\n<tr>\n<td><a href=\"https:\/\/so3z.com\/SN7L\/09-2013-144MHz\/LA6VBA-JO48-980km.mp3\">LA6VBA JO48 980km<\/a><\/td>\n<td><a href=\"https:\/\/so3z.com\/SN7L\/09-2013-144MHz\/F8DLS-JN19-875km.mp3\">F8DLS JN19 875km<\/a><\/td>\n<td>YT1VP JN94 812km<\/td>\n<\/tr>\n<tr>\n<td><a href=\"https:\/\/so3z.com\/SN7L\/09-2013-144MHz\/SM0RCL-JO89-975km.mp3\">SM0RCL JO89 975km<\/a><\/td>\n<td><a href=\"https:\/\/so3z.com\/SN7L\/09-2013-144MHz\/YL2AJ-KO16-853km.mp3\">YL2AJ KO16 853km<\/a><\/td>\n<td>YT7C JN94 812km<\/td>\n<\/tr>\n<tr>\n<td><a href=\"https:\/\/so3z.com\/SN7L\/09-2013-144MHz\/SM4GGC-JO69-973km.mp3\">SM4GGC JO69 973km<\/a><\/td>\n<td>IK1EGC JN35 848km<\/td>\n<td>IK4WKU\/6 JN63 812km<\/td>\n<\/tr>\n<tr>\n<td><a href=\"https:\/\/so3z.com\/SN7L\/09-2013-144MHz\/IA5-IW2MXY-JN52-973km.mp3\">IA5\/IW2MXY JN52 973km<\/a><\/td>\n<td>OR7B\/P JO10 836km<\/td>\n<td>F1NPX\/P JN29 803km<\/td>\n<\/tr>\n<tr>\n<td><\/td>\n<td><\/td>\n<td>PA6NL JO21 803km<\/td>\n<\/tr>\n<\/table>\n<p><!--\nOH1MN KP10 1175km\nOH1ND KP00 1152km\nLA0BY JO59 1068km\nSK0EN JO99 1044km\nSM5CUI JO89 1030km\nG8T JO01 1026km\nSM5DIC JO89 1009km\nG8P JO01 992km\nG4CDN JO02SS 987km\nLA6VBA JO48 980km\nSM0RCL JO89 975km\nSM4GGC JO69 973km\nIA5\/IW2MXY JN52 973km\nSM0VEC JO89 972km\nSM0GWX JO89 958km\nSM5BMD JO99 954km\nI0FHZ JN62AP 942km\nSM4FGN JO69 928km\nSM5FND JO79 927km\nIK1WVQ JN34 925km\nE7TT JN92 920km\nSM5KQS JO88 898km\nIK1SPR JN34 898km\nF8DLS JN19 875km\nYL2AJ KO16 853km\nIK1EGC JN35 848km\nOR7B\/P JO10 836km\nIK6EIW JN63 835km\nON4LDP JO10 834km\nIK5ZWU\/6 JN63 833km\nSM6NET JO68 829km\nIW1CKM\/1 JN45 825km\nIZ1ESM JN45 825km\nIK3UNA\/1 JN44 822km\nPA5KM JO11 817km\nI2XAV\/1 JN44 817km\nON4KHG JO10 816km\nYT1VP JN94 812km\nYT7C JN94 812km\nIK4WKU\/6 JN63 812km\nF1NPX\/P JN29 803km\nPA6NL JO21 803km --><\/p>\n<p>Przed zawodami QSO z wieloma stacjami mi\u0119dzy innymi PA1TK o czym wspomnia\u0142 na <a href=\"http:\/\/www.vhfcontesten.nl\/index.php?page=comments-september-contest\"> swojej stronie www.<\/a><\/p>\n<p>A tak by\u0142o nas s\u0142ycha\u0107 u YT1VP JN94XC 812km &#8211; ich sprz\u0119t 30W !  4x 11el <br \/>\n<iframe loading=\"lazy\" width=\"640\" height=\"360\" src=\"\/\/www.youtube.com\/embed\/U7Iu4J1kwBA\" frameborder=\"0\" allowfullscreen><\/iframe><\/p>\n","protected":false},"excerpt":{"rendered":"<p>S N 7 L &nbsp; J O 7 0 S S &nbsp; 1362m npm &nbsp;&nbsp;&nbsp;&nbsp; 5 miejsce w Europie w kategorii MultiOp !!! QSO:904 &nbsp; ODX: OH6KTL 1338km &nbsp; oko\u0142o 363000 pkt TRX: FT-1000MP+TR9130+TRV (SP7TEE 30m->2m) ANT: 1. 2x 12el DK7ZB &nbsp; 2. 2x 12el DK7ZB &nbsp; 3. 2x 17el F9FT PA: 3x 500W + &hellip; <a href=\"https:\/\/so3z.com\/?page_id=926\" class=\"more-link\">Czytaj dalej <span class=\"screen-reader-text\">2013 &#8211; VHF IARU<\/span> <span class=\"meta-nav\">&rarr;<\/span><\/a><\/p>\n","protected":false},"author":1,"featured_media":0,"parent":19,"menu_order":12,"comment_status":"open","ping_status":"open","template":"","meta":{"footnotes":""},"class_list":["post-926","page","type-page","status-publish","hentry"],"_links":{"self":[{"href":"https:\/\/so3z.com\/index.php?rest_route=\/wp\/v2\/pages\/926","targetHints":{"allow":["GET"]}}],"collection":[{"href":"https:\/\/so3z.com\/index.php?rest_route=\/wp\/v2\/pages"}],"about":[{"href":"https:\/\/so3z.com\/index.php?rest_route=\/wp\/v2\/types\/page"}],"author":[{"embeddable":true,"href":"https:\/\/so3z.com\/index.php?rest_route=\/wp\/v2\/users\/1"}],"replies":[{"embeddable":true,"href":"https:\/\/so3z.com\/index.php?rest_route=%2Fwp%2Fv2%2Fcomments&post=926"}],"version-history":[{"count":55,"href":"https:\/\/so3z.com\/index.php?rest_route=\/wp\/v2\/pages\/926\/revisions"}],"predecessor-version":[{"id":2766,"href":"https:\/\/so3z.com\/index.php?rest_route=\/wp\/v2\/pages\/926\/revisions\/2766"}],"up":[{"embeddable":true,"href":"https:\/\/so3z.com\/index.php?rest_route=\/wp\/v2\/pages\/19"}],"wp:attachment":[{"href":"https:\/\/so3z.com\/index.php?rest_route=%2Fwp%2Fv2%2Fmedia&parent=926"}],"curies":[{"name":"wp","href":"https:\/\/api.w.org\/{rel}","templated":true}]}}